{"id":38,"date":"2015-07-01T23:35:10","date_gmt":"2015-07-01T21:35:10","guid":{"rendered":"http:\/\/www.stephan-hilker-photographie.de\/?page_id=38"},"modified":"2026-02-22T12:01:32","modified_gmt":"2026-02-22T11:01:32","slug":"impressum","status":"publish","type":"page","link":"https:\/\/stephan-hilker-photographie.de\/?page_id=38","title":{"rendered":"Impressum"},"content":{"rendered":"<p><span style=\"color: #808080;\"><img loading=\"lazy\" decoding=\"async\" class=\" size-full wp-image-382 alignright\" src=\"http:\/\/www.stephan-hilker-photographie.de\/wp-content\/uploads\/2015\/07\/intro1.jpg\" alt=\"intro1\" width=\"314\" height=\"209\" srcset=\"https:\/\/stephan-hilker-photographie.de\/wp-content\/uploads\/2015\/07\/intro1.jpg 314w, https:\/\/stephan-hilker-photographie.de\/wp-content\/uploads\/2015\/07\/intro1-300x200.jpg 300w, https:\/\/stephan-hilker-photographie.de\/wp-content\/uploads\/2015\/07\/intro1-306x204.jpg 306w, https:\/\/stephan-hilker-photographie.de\/wp-content\/uploads\/2015\/07\/intro1-260x173.jpg 260w\" sizes=\"auto, (max-width: 314px) 100vw, 314px\" \/>Verantwortlich f\u00fcr den Inhalt:<\/span><\/p>\n<p><span style=\"color: #808080;\">Stephan Hilker<\/span><\/p>\n<p><span style=\"color: #808080;\">Adress und Telefondaten nur auf anfrage !<\/span><\/p>\n<p><span style=\"color: #808080;\">Kontakt:<\/span><br \/>\n<span style=\"color: #808080;\">email: webmaster(at)stephans-world.eu<\/span><\/p>\n<p><span style=\"color: #808080;\">www: <a style=\"color: #808080;\" href=\"https:\/\/www.stephan-hilker-photographie.de\">https:\/\/www.stephan-hilker-photographie.de<\/a><\/span><br \/>\n<span style=\"color: #808080;\"> www: <a style=\"color: #808080;\" href=\"http:\/\/www.stephans-world.eu\/\">https:\/\/www.stephans-world.eu<\/a><\/span><\/p>\n<p><span style=\"color: #808080;\">Haftungshinweis:<\/span><br \/>\n<span style=\"color: #808080;\">Trotz sorgf\u00e4ltiger inhaltlicher Kontrolle \u00fcbernehmen wir keine Haftung f\u00fcr die Inhalte externer Links. F\u00fcr den Inhalt der verlinkten Seiten sind ausschlie\u00dflich deren Betreiber verantwortlich.<\/span><\/p>\n<p><span style=\"color: #808080;\">Urheberrecht(UrhG)<\/span><br \/>\n<span style=\"color: #808080;\">Alle Grafiken, Fotos, Scripte und Texte des Internetangebots <a style=\"color: #808080;\" href=\"http:\/\/www.stephans-world.eu\/\">http:\/\/www.stephans-world.eu<\/a> unterliegen, soweit nicht anders angegeben, dem Urheberrecht von Stephan Hilker. Sie d\u00fcrfen ohne eine ausdr\u00fcckliche Genehmigung weder im Ganzen noch auszugsweise genutzt bzw. kopiert werden. Unautorisierter Gebrauch und Versto\u00df gegen das Urheberrecht(UrhG) wird von mir zivilrechtlich verfolgt.<\/span><\/p>\n<p><span style=\"color: #808080;\">Google Analytics<\/span><br \/>\n<span style=\"color: #808080;\">\u201eDiese Website benutzt Google Analytics, einen Webanalysedienst der Google Inc. (\u201eGoogle\u201c) Google Analytics verwendet sog. \u201eCookies\u201c, Textdateien, die auf Ihrem Computer gespeichert werden und die eine Analyse der Benutzung der Website durch Sie erm\u00f6glicht. Die durch den Cookie erzeugten Informationen \u00fcber Ihre Benutzung diese Website (einschlie\u00dflich Ihrer IP-Adresse) wird an einen Server von Google in den USA \u00fcbertragen und dort gespeichert. Google wird diese Informationen benutzen, um Ihre Nutzung der Website auszuwerten, um Reports \u00fcber die Websiteaktivit\u00e4ten f\u00fcr die Websitebetreiber zusammenzustellen und um weitere mit der Websitenutzung und der Internetnutzung verbundene Dienstleistungen zu erbringen. Auch wird Google diese Informationen gegebenenfalls an Dritte \u00fcbertragen, sofern dies gesetzlich vorgeschrieben oder soweit Dritte diese Daten im Auftrag von Google verarbeiten. Google wird in keinem Fall Ihre IP-Adresse mit anderen Daten der Google in Verbindung bringen. Sie k\u00f6nnen die Installation der Cookies durch eine entsprechende Einstellung Ihrer Browser Software verhindern; wir weisen Sie jedoch darauf hin, dass Sie in diesem Fall gegebenenfalls nicht s\u00e4mtliche Funktionen dieser Website voll umf\u00e4nglich nutzen k\u00f6nnen. Durch die Nutzung dieser Website erkl\u00e4ren Sie sich mit der Bearbeitung der \u00fcber Sie erhobenen Daten durch Google in der zuvor beschriebenen Art und Weise und zu dem zuvor benannten Zweck einverstanden.\u201c<\/span><\/p>\n<p><span style=\"color: #808080;\">Quelle: <a style=\"color: #808080;\" href=\"http:\/\/www.google.com\/analytics\/de-DE\/tos.html\" target=\"_blank\" rel=\"noopener\">Nr. 8.1. der AGB von Google Analytics<\/a><\/span><\/p>\n","protected":false},"excerpt":{"rendered":"<p>Verantwortlich f\u00fcr den Inhalt: Stephan Hilker Adress und Telefondaten nur auf anfrage ! Kontakt: email: webmaster(at)stephans-world.eu www: https:\/\/www.stephan-hilker-photographie.de www: https:\/\/www.stephans-world.eu Haftungshinweis: Trotz sorgf\u00e4ltiger inhaltlicher Kontrolle \u00fcbernehmen wir keine Haftung f\u00fcr die Inhalte externer Links. F\u00fcr den Inhalt der verlinkten Seiten sind ausschlie\u00dflich deren Betreiber verantwortlich. Urheberrecht(UrhG) Alle Grafiken, Fotos, Scripte und Texte des Internetangebots http:\/\/www.stephans-world.eu [&hellip;]<\/p>\n","protected":false},"author":2,"featured_media":0,"parent":0,"menu_order":0,"comment_status":"open","ping_status":"closed","template":"","meta":{"ngg_post_thumbnail":0,"footnotes":""},"class_list":["post-38","page","type-page","status-publish","hentry"],"_links":{"self":[{"href":"https:\/\/stephan-hilker-photographie.de\/index.php?rest_route=\/wp\/v2\/pages\/38","targetHints":{"allow":["GET"]}}],"collection":[{"href":"https:\/\/stephan-hilker-photographie.de\/index.php?rest_route=\/wp\/v2\/pages"}],"about":[{"href":"https:\/\/stephan-hilker-photographie.de\/index.php?rest_route=\/wp\/v2\/types\/page"}],"author":[{"embeddable":true,"href":"https:\/\/stephan-hilker-photographie.de\/index.php?rest_route=\/wp\/v2\/users\/2"}],"replies":[{"embeddable":true,"href":"https:\/\/stephan-hilker-photographie.de\/index.php?rest_route=%2Fwp%2Fv2%2Fcomments&post=38"}],"version-history":[{"count":1,"href":"https:\/\/stephan-hilker-photographie.de\/index.php?rest_route=\/wp\/v2\/pages\/38\/revisions"}],"predecessor-version":[{"id":5133,"href":"https:\/\/stephan-hilker-photographie.de\/index.php?rest_route=\/wp\/v2\/pages\/38\/revisions\/5133"}],"wp:attachment":[{"href":"https:\/\/stephan-hilker-photographie.de\/index.php?rest_route=%2Fwp%2Fv2%2Fmedia&parent=38"}],"curies":[{"name":"wp","href":"https:\/\/api.w.org\/{rel}","templated":true}]}}