{"id":28,"date":"2015-07-01T23:26:13","date_gmt":"2015-07-01T21:26:13","guid":{"rendered":"http:\/\/www.stephan-hilker-photographie.de\/?page_id=28"},"modified":"2015-07-03T11:59:37","modified_gmt":"2015-07-03T09:59:37","slug":"photographie","status":"publish","type":"page","link":"https:\/\/stephan-hilker-photographie.de\/?page_id=28","title":{"rendered":"Photographie"},"content":{"rendered":"<p><span style=\"color: #808080;\"><img loading=\"lazy\" decoding=\"async\" class=\" size-full wp-image-382 alignright\" src=\"http:\/\/www.stephan-hilker-photographie.de\/wp-content\/uploads\/2015\/07\/intro1.jpg\" alt=\"intro1\" width=\"314\" height=\"209\" srcset=\"https:\/\/stephan-hilker-photographie.de\/wp-content\/uploads\/2015\/07\/intro1.jpg 314w, https:\/\/stephan-hilker-photographie.de\/wp-content\/uploads\/2015\/07\/intro1-300x200.jpg 300w, https:\/\/stephan-hilker-photographie.de\/wp-content\/uploads\/2015\/07\/intro1-306x204.jpg 306w, https:\/\/stephan-hilker-photographie.de\/wp-content\/uploads\/2015\/07\/intro1-260x173.jpg 260w\" sizes=\"auto, (max-width: 314px) 100vw, 314px\" \/>Hallo und Herzlich willkommen auf \u00a0meiner Seite<\/span><\/p>\n<p style=\"padding-left: 30px;\"><span style=\"color: #808080;\">Photographie \u2013 der Reiz, die Welt aus einer anderen Perspektive zu sehen, dem Alltag den R\u00fccken zu kehren und sich in der Sch\u00f6nheit der klassischen Architektur zu verlieren. Mittelalterliches Gem\u00e4uer und die Natur ablichten und das Hier und Jetzt vergessen.<\/span><\/p>\n<p><span style=\"color: #808080;\">Viele Momente und Situationen lassen sich in ihrer Sch\u00f6nheit nur schwer in Worte fassen, umso leichter ist eben diese einmalige Sch\u00f6nheit auf Bildern festzuhalten. Die leere Zeit, die um sich greift, mit Sinn und Leidenschaft f\u00fcllen.<\/span><\/p>\n<p><span style=\"color: #808080;\">Ein Hobby, dass mich, mein Leben und Interessen wiederspiegelt. Meine Fotos gew\u00e4hren einen Einblick in mich. Sie zeigen meinen Sport, St\u00e4dte &amp; L\u00e4nder, die mich faszinieren sowie die Musik und deren Darstellung, die mich immer wieder in ihren Bann ziehen.<\/span><\/p>\n<p><span style=\"color: #808080;\">In Neues eintauchen und erleben. Nicht reden, nur den Anblick genie\u00dfen. Momente f\u00fcr die Ewigkeit fixieren und sie mit Freunden teilen. So ist meine Welt!<\/span><\/p>\n","protected":false},"excerpt":{"rendered":"<p>Hallo und Herzlich willkommen auf \u00a0meiner Seite Photographie \u2013 der Reiz, die Welt aus einer anderen Perspektive zu sehen, dem Alltag den R\u00fccken zu kehren und sich in der Sch\u00f6nheit der klassischen Architektur zu verlieren. Mittelalterliches Gem\u00e4uer und die Natur ablichten und das Hier und Jetzt vergessen. Viele Momente und Situationen lassen sich in ihrer [&hellip;]<\/p>\n","protected":false},"author":2,"featured_media":0,"parent":0,"menu_order":0,"comment_status":"open","ping_status":"closed","template":"","meta":{"ngg_post_thumbnail":0,"footnotes":""},"class_list":["post-28","page","type-page","status-publish","hentry"],"_links":{"self":[{"href":"https:\/\/stephan-hilker-photographie.de\/index.php?rest_route=\/wp\/v2\/pages\/28","targetHints":{"allow":["GET"]}}],"collection":[{"href":"https:\/\/stephan-hilker-photographie.de\/index.php?rest_route=\/wp\/v2\/pages"}],"about":[{"href":"https:\/\/stephan-hilker-photographie.de\/index.php?rest_route=\/wp\/v2\/types\/page"}],"author":[{"embeddable":true,"href":"https:\/\/stephan-hilker-photographie.de\/index.php?rest_route=\/wp\/v2\/users\/2"}],"replies":[{"embeddable":true,"href":"https:\/\/stephan-hilker-photographie.de\/index.php?rest_route=%2Fwp%2Fv2%2Fcomments&post=28"}],"version-history":[{"count":0,"href":"https:\/\/stephan-hilker-photographie.de\/index.php?rest_route=\/wp\/v2\/pages\/28\/revisions"}],"wp:attachment":[{"href":"https:\/\/stephan-hilker-photographie.de\/index.php?rest_route=%2Fwp%2Fv2%2Fmedia&parent=28"}],"curies":[{"name":"wp","href":"https:\/\/api.w.org\/{rel}","templated":true}]}}